{"id":130,"date":"2015-02-12T18:48:15","date_gmt":"2015-02-12T18:48:15","guid":{"rendered":"http:\/\/cofresipalmresort.com\/beaches-and-pools-2\/"},"modified":"2015-05-12T18:14:02","modified_gmt":"2015-05-12T18:14:02","slug":"playas-piscinas","status":"publish","type":"page","link":"https:\/\/cofresipalmresort.com\/es\/playas-piscinas\/","title":{"rendered":"Playas Y Piscinas"},"content":{"rendered":"<p>[vc_row][vc_column width=\u00bb1\/1&#8243;]  <!-- SLIDER -->\n    <div class=\"slider cf\">\n        \n      <div class=\"slide\">\n        <img decoding=\"async\" src=\"https:\/\/cofresipalmresort.com\/wp-content\/uploads\/2015\/05\/V.I.P-Beach_G3.jpg\" alt=\"\">\n      <\/div>\n        \n      <div class=\"slide\">\n        <img decoding=\"async\" src=\"https:\/\/cofresipalmresort.com\/wp-content\/uploads\/2015\/05\/V.I.P-Beach_G4.jpg\" alt=\"\">\n      <\/div>\n        \n      <div class=\"slide\">\n        <img decoding=\"async\" src=\"https:\/\/cofresipalmresort.com\/wp-content\/uploads\/2015\/05\/V.I.P-Beach_G10.jpg\" alt=\"\">\n      <\/div>\n        \n      <div class=\"slide\">\n        <img decoding=\"async\" src=\"https:\/\/cofresipalmresort.com\/wp-content\/uploads\/2015\/05\/V.I.P-Beach_G11.jpg\" alt=\"\">\n      <\/div>\n        \n      <div class=\"slide\">\n        <img decoding=\"async\" src=\"https:\/\/cofresipalmresort.com\/wp-content\/uploads\/2015\/05\/V.I.P-Beach_G12.jpg\" alt=\"\">\n      <\/div>\n        \n      <div class=\"slide\">\n        <img decoding=\"async\" src=\"https:\/\/cofresipalmresort.com\/wp-content\/uploads\/2015\/05\/2013-Residence-Suites_14.jpg\" alt=\"\">\n      <\/div>\n        \n      <div class=\"slide\">\n        <img decoding=\"async\" src=\"https:\/\/cofresipalmresort.com\/wp-content\/uploads\/2015\/05\/2013-Residence-Suites-17_16combo.jpg\" alt=\"\">\n      <\/div>\n        \n      <div class=\"slide\">\n        <img decoding=\"async\" src=\"https:\/\/cofresipalmresort.com\/wp-content\/uploads\/2015\/05\/2013-Tropical_64.jpg\" alt=\"\">\n      <\/div>\n        \n      <div class=\"slide\">\n        <img decoding=\"async\" src=\"https:\/\/cofresipalmresort.com\/wp-content\/uploads\/2015\/05\/2013-VIP-Pool_16.jpg\" alt=\"\">\n      <\/div>\n        \n      <div class=\"slide\">\n        <img decoding=\"async\" src=\"https:\/\/cofresipalmresort.com\/wp-content\/uploads\/2015\/05\/2013-VIP-Pool_21.jpg\" alt=\"\">\n      <\/div>\n        \n      <div class=\"slide\">\n        <img decoding=\"async\" src=\"https:\/\/cofresipalmresort.com\/wp-content\/uploads\/2015\/05\/2013-VIP-Pool_27.jpg\" alt=\"\">\n      <\/div>\n        \n      <div class=\"slide\">\n        <img decoding=\"async\" src=\"https:\/\/cofresipalmresort.com\/wp-content\/uploads\/2015\/05\/2013-VIP-Pool_36.jpg\" alt=\"\">\n      <\/div>\n        \n      <div class=\"slide\">\n        <img decoding=\"async\" src=\"https:\/\/cofresipalmresort.com\/wp-content\/uploads\/2015\/05\/2013-VIP-Pool_84.jpg\" alt=\"\">\n      <\/div>\n        \n      <div class=\"slide\">\n        <img decoding=\"async\" src=\"https:\/\/cofresipalmresort.com\/wp-content\/uploads\/2015\/05\/2014-CPR_Pool_15.jpg\" alt=\"\">\n      <\/div>\n        \n      <div class=\"slide\">\n        <img decoding=\"async\" src=\"https:\/\/cofresipalmresort.com\/wp-content\/uploads\/2015\/05\/2014-PSPP_6.jpg\" alt=\"\">\n      <\/div>\n        \n      <div class=\"slide\">\n        <img decoding=\"async\" src=\"https:\/\/cofresipalmresort.com\/wp-content\/uploads\/2015\/05\/2014-Residence-Suites-Pool-Area.jpg\" alt=\"\">\n      <\/div>\n        \n      <div class=\"slide\">\n        <img decoding=\"async\" src=\"https:\/\/cofresipalmresort.com\/wp-content\/uploads\/2015\/05\/2014-Residence-Suites-Pool-Area1.jpg\" alt=\"\">\n      <\/div>\n        \n      <div class=\"slide\">\n        <img decoding=\"async\" src=\"https:\/\/cofresipalmresort.com\/wp-content\/uploads\/2015\/05\/2014-Royal-Suites_05.jpg\" alt=\"\">\n      <\/div>\n        \n      <div class=\"slide\">\n        <img decoding=\"async\" src=\"https:\/\/cofresipalmresort.com\/wp-content\/uploads\/2015\/05\/2014-Royal-Suites_11.jpg\" alt=\"\">\n      <\/div>\n        \n      <div class=\"slide\">\n        <img decoding=\"async\" src=\"https:\/\/cofresipalmresort.com\/wp-content\/uploads\/2015\/05\/2014-Tropical_71.jpg\" alt=\"\">\n      <\/div>\n    <div class=\"cycle-pager\"><\/div>      <span class=\"next\"><img decoding=\"async\" src=\"https:\/\/cofresipalmresort.com\/wp-content\/themes\/lhvc\/img\/next.png\"><\/span>\n      <span class=\"prev\"><img decoding=\"async\" src=\"https:\/\/cofresipalmresort.com\/wp-content\/themes\/lhvc\/img\/prev.png\"><\/span>\n    <\/div>\n  <!-- END SLIDER -->\n[\/vc_column][\/vc_row][vc_row][vc_column width=\u00bb1\/1&#8243;][vc_column_text]<\/p>\n<h3 class=\"Heads\">Playas<\/h3>\n<p class=\"BodyCopy\">Las playas en la Rep\u00fablica Dominicana son extensas, simplemente espectaculares y reconocidas como parte del atractivo del Caribe para los visitantes. Playa Cofresi no es diferente. \u05d5\u05b9Las suaves olas del Mar Caribe, la fina arena y las confortables camas playeras que brinda Cofresi Beach en la Rep\u00fablica Dominicana la convierten en el para\u00edso preferido de los amantes del sol!<\/p>\n<h3 class=\"BodyCopy\"><span class=\"Heads\">\u00a1Piscinas, Piscinas y m\u00e1s Piscinas!<\/span><\/h3>\n<p class=\"BodyCopy\">Con m\u00e1s de 12 piscinas p\u00fablicas creativamente dise\u00f1adas ubicadas estrat\u00e9gicamente en el resort, usted siempre tendr\u00e1 una cerca de donde est\u00e1. Ya sea que est\u00e9 buscando un oasis tranquilo en donde pueda leer y tomar el sol, o un ambiente m\u00e1s bullicioso para jugar y divertirse en el agua, este resort le ofrece todas las<\/p>\n<p>[\/vc_column_text][\/vc_column][\/vc_row][vc_row][vc_column width=\u00bb1\/1&#8243;]<div class=\"button-group alignleft\">  <a href=\"http:\/\/cofresipalmresort.com\/es\/solicitud-de-reserva\/\" class=\"button\" >SOLICITUD DE RESERVA<\/a>\n<\/div>[\/vc_column][\/vc_row]<\/p>\n","protected":false},"excerpt":{"rendered":"<p>[vc_row][vc_column width=\u00bb1\/1&#8243;][\/vc_column][\/vc_row][vc_row][vc_column width=\u00bb1\/1&#8243;][vc_column_text] Playas Las playas en la Rep\u00fablica Dominicana son extensas, simplemente espectaculares y reconocidas como parte del atractivo del Caribe para los visitantes. Playa Cofresi no es diferente. \u05d5\u05b9Las suaves olas del Mar Caribe, la fina arena y las confortables camas playeras que&#8230;<\/p>\n","protected":false},"author":1,"featured_media":0,"parent":0,"menu_order":0,"comment_status":"closed","ping_status":"closed","template":"","meta":{"_monsterinsights_skip_tracking":false,"_monsterinsights_sitenote_active":false,"_monsterinsights_sitenote_note":"","_monsterinsights_sitenote_category":0},"class_list":["post-130","page","type-page","status-publish","hentry"],"_links":{"self":[{"href":"https:\/\/cofresipalmresort.com\/es\/wp-json\/wp\/v2\/pages\/130\/"}],"collection":[{"href":"https:\/\/cofresipalmresort.com\/es\/wp-json\/wp\/v2\/pages\/"}],"about":[{"href":"https:\/\/cofresipalmresort.com\/es\/wp-json\/wp\/v2\/types\/page\/"}],"author":[{"embeddable":true,"href":"https:\/\/cofresipalmresort.com\/es\/wp-json\/wp\/v2\/users\/1\/"}],"replies":[{"embeddable":true,"href":"https:\/\/cofresipalmresort.com\/es\/wp-json\/wp\/v2\/comments\/?post=130"}],"version-history":[{"count":1,"href":"https:\/\/cofresipalmresort.com\/es\/wp-json\/wp\/v2\/pages\/130\/revisions\/"}],"predecessor-version":[{"id":580,"href":"https:\/\/cofresipalmresort.com\/es\/wp-json\/wp\/v2\/pages\/130\/revisions\/580\/"}],"wp:attachment":[{"href":"https:\/\/cofresipalmresort.com\/es\/wp-json\/wp\/v2\/media\/?parent=130"}],"curies":[{"name":"wp","href":"https:\/\/api.w.org\/{rel}","templated":true}]}}