{"id":131,"date":"2015-02-12T18:47:59","date_gmt":"2015-02-12T18:47:59","guid":{"rendered":"http:\/\/cofresipalmresort.com\/services-and-facilities-2\/"},"modified":"2015-05-12T17:46:55","modified_gmt":"2015-05-12T17:46:55","slug":"services-and-facilities","status":"publish","type":"page","link":"https:\/\/cofresipalmresort.com\/es\/services-and-facilities\/","title":{"rendered":"Servicios y Instalaciones"},"content":{"rendered":"<p>[vc_row][vc_column width=\u00bb1\/1&#8243;]  <!-- SLIDER -->\n    <div class=\"slider cf\">\n        \n      <div class=\"slide\">\n        <img decoding=\"async\" src=\"https:\/\/cofresipalmresort.com\/wp-content\/uploads\/2015\/05\/2013-Casablanca5.jpg\" alt=\"\">\n      <\/div>\n        \n      <div class=\"slide\">\n        <img decoding=\"async\" src=\"https:\/\/cofresipalmresort.com\/wp-content\/uploads\/2015\/05\/2013-Indochine_06.jpg\" alt=\"\">\n      <\/div>\n        \n      <div class=\"slide\">\n        <img decoding=\"async\" src=\"https:\/\/cofresipalmresort.com\/wp-content\/uploads\/2015\/05\/2013-PSPP_11.jpg\" alt=\"\">\n      <\/div>\n        \n      <div class=\"slide\">\n        <img decoding=\"async\" src=\"https:\/\/cofresipalmresort.com\/wp-content\/uploads\/2015\/05\/2013-Service-Staff_070.jpg\" alt=\"\">\n      <\/div>\n        \n      <div class=\"slide\">\n        <img decoding=\"async\" src=\"https:\/\/cofresipalmresort.com\/wp-content\/uploads\/2015\/05\/2013-Service-Staff_101.jpg\" alt=\"\">\n      <\/div>\n        \n      <div class=\"slide\">\n        <img decoding=\"async\" src=\"https:\/\/cofresipalmresort.com\/wp-content\/uploads\/2015\/05\/2013-VIP-Transportation_51.jpg\" alt=\"\">\n      <\/div>\n        \n      <div class=\"slide\">\n        <img decoding=\"async\" src=\"https:\/\/cofresipalmresort.com\/wp-content\/uploads\/2015\/05\/2014-PSPP_7.jpg\" alt=\"\">\n      <\/div>\n        \n      <div class=\"slide\">\n        <img decoding=\"async\" src=\"https:\/\/cofresipalmresort.com\/wp-content\/uploads\/2015\/05\/2014-Sunday-Welcome-Party_3.jpg\" alt=\"\">\n      <\/div>\n        \n      <div class=\"slide\">\n        <img decoding=\"async\" src=\"https:\/\/cofresipalmresort.com\/wp-content\/uploads\/2015\/05\/2014-Sunday-Welcome-Party_5.jpg\" alt=\"\">\n      <\/div>\n        \n      <div class=\"slide\">\n        <img decoding=\"async\" src=\"https:\/\/cofresipalmresort.com\/wp-content\/uploads\/2015\/05\/2014-Sunday-Welcome-Party_10.jpg\" alt=\"\">\n      <\/div>\n        \n      <div class=\"slide\">\n        <img decoding=\"async\" src=\"https:\/\/cofresipalmresort.com\/wp-content\/uploads\/2015\/05\/2014-Sunday-Welcome-Party_11.jpg\" alt=\"\">\n      <\/div>\n        \n      <div class=\"slide\">\n        <img decoding=\"async\" src=\"https:\/\/cofresipalmresort.com\/wp-content\/uploads\/2015\/05\/2014-Tropical_7.jpg\" alt=\"\">\n      <\/div>\n        \n      <div class=\"slide\">\n        <img decoding=\"async\" src=\"https:\/\/cofresipalmresort.com\/wp-content\/uploads\/2015\/05\/2014-VIP-Beach01.jpg\" alt=\"\">\n      <\/div>\n        \n      <div class=\"slide\">\n        <img decoding=\"async\" src=\"https:\/\/cofresipalmresort.com\/wp-content\/uploads\/2015\/05\/2014-VIP-Beach03.jpg\" alt=\"\">\n      <\/div>\n        \n      <div class=\"slide\">\n        <img decoding=\"async\" src=\"https:\/\/cofresipalmresort.com\/wp-content\/uploads\/2015\/05\/2014-VIP-Transportation_04.jpg\" alt=\"\">\n      <\/div>\n        \n      <div class=\"slide\">\n        <img decoding=\"async\" src=\"https:\/\/cofresipalmresort.com\/wp-content\/uploads\/2015\/05\/2014-Yin-Yang-Spa_5.jpg\" alt=\"\">\n      <\/div>\n        \n      <div class=\"slide\">\n        <img decoding=\"async\" src=\"https:\/\/cofresipalmresort.com\/wp-content\/uploads\/2015\/05\/ICE-DJ-Ricardo-Herrera2.jpg\" alt=\"\">\n      <\/div>\n        \n      <div class=\"slide\">\n        <img decoding=\"async\" src=\"https:\/\/cofresipalmresort.com\/wp-content\/uploads\/2015\/05\/Kids-Club-LHVC03.jpg\" alt=\"\">\n      <\/div>\n    <div class=\"cycle-pager\"><\/div>      <span class=\"next\"><img decoding=\"async\" src=\"https:\/\/cofresipalmresort.com\/wp-content\/themes\/lhvc\/img\/next.png\"><\/span>\n      <span class=\"prev\"><img decoding=\"async\" src=\"https:\/\/cofresipalmresort.com\/wp-content\/themes\/lhvc\/img\/prev.png\"><\/span>\n    <\/div>\n  <!-- END SLIDER -->\n[\/vc_column][\/vc_row][vc_row][vc_column width=\u00bb1\/1&#8243;][vc_column_text]<\/p>\n<h3>Servicios<\/h3>\n<p>[\/vc_column_text][\/vc_column][\/vc_row][vc_row][vc_column width=\u00bb1\/2&#8243;][vc_column_text]<\/p>\n<ul>\n<li>Servicio de habitaciones<\/li>\n<li>Servicio de ama de llaves diario<\/li>\n<li>Servicios de Programaci\u00f3n de\u00a0 Excursiones<\/li>\n<li>Coordinaci\u00f3n de Bodas<\/li>\n<li>Cuidado Infantil Diario<\/li>\n<li>Servicios de cuidado de ni\u00f1os (requiere reservaci\u00f3n)<\/li>\n<li>Servicio de lavander\u00eda<\/li>\n<li>Servicios M\u00e9dicos las 24 horas en las instalaciones<\/li>\n<li>Servicios de transporte<\/li>\n<li>Servicio de Botones<\/li>\n<\/ul>\n<p>[\/vc_column_text][\/vc_column][vc_column width=\u00bb1\/2&#8243;][vc_column_text]<\/p>\n<ul>\n<li>Servicio de lavander\u00eda<\/li>\n<li>Servicios M\u00e9dicos las 24 horas en las instalaciones<\/li>\n<li>Servicios de transporte<\/li>\n<li>Servicio de Botones<\/li>\n<\/ul>\n<p>[\/vc_column_text][\/vc_column][\/vc_row][vc_row][vc_column width=\u00bb1\/1&#8243;][vc_separator color=\u00bbgrey\u00bb align=\u00bbalign_center\u00bb][\/vc_column][\/vc_row][vc_row][vc_column width=\u00bb1\/1&#8243;][vc_column_text]<\/p>\n<h3>Instalaciones<\/h3>\n<p>[\/vc_column_text][\/vc_column][\/vc_row][vc_row][vc_column width=\u00bb1\/2&#8243;][vc_column_text]<\/p>\n<ul>\n<li>18 restaurantes<\/li>\n<li>11 Bares de Refrigerios Livianos<\/li>\n<li>28 bares<\/li>\n<li>12+ piscinas incluyendo \u00e1reas exclusivas para ni\u00f1os<\/li>\n<li>7 Playas<\/li>\n<li>Discoteca<\/li>\n<li>2 Spas<\/li>\n<li>2 Clubes de Ni\u00f1os con servicio de cuidado de ni\u00f1os diario<\/li>\n<li>Canchas de Tenis<\/li>\n<li>\u00a0Cancha de Baloncesto<\/li>\n<li>Cancha de Voleibol en la Playa<\/li>\n<li>Club de Bienestar<\/li>\n<li>2 Gimnasios con equipo para hacer ejercicios<\/li>\n<li>2 Centros de entretenimiento<\/li>\n<li>Centro de Conferencias y salones para reuniones<\/li>\n<li>Recinto para Bodas<\/li>\n<\/ul>\n<p>[\/vc_column_text][\/vc_column][vc_column width=\u00bb1\/2&#8243;][vc_column_text]<\/p>\n<ul>\n<li>Tiendas, incluyendo Mercado de Artesan\u00edas<\/li>\n<li>Cl\u00ednica Medica<\/li>\n<li>Droguer\u00eda<\/li>\n<li>Tienda de Regalos con mercanc\u00eda con Logo<\/li>\n<li>Escuela de Buceo (Certificada por PADI)<\/li>\n<li>Juego de ajedrez de tama\u00f1o real<\/li>\n<li>Patio de Juegos<\/li>\n<li>Helipuerto<\/li>\n<li>Centro de Excursiones (en las localidades de V.I.P World y The Tropical)<\/li>\n<li>Alquiler de veh\u00edculos<\/li>\n<li>Sinagoga<\/li>\n<li><a title=\"Xtreme Zone\" href=\"http:\/\/cofresipalmresort.com\/es\/activities\/xtreme-zone\/\">Xtreme Zone<\/a><\/li>\n<li>Y m\u00e1s\u2026<\/li>\n<\/ul>\n<p>[\/vc_column_text][\/vc_column][\/vc_row][vc_row][vc_column width=\u00bb1\/1&#8243;][vc_separator color=\u00bbgrey\u00bb align=\u00bbalign_center\u00bb][\/vc_column][\/vc_row][vc_row][vc_column width=\u00bb1\/1&#8243;][vc_column_text]<\/p>\n<h3 class=\"BodyCopy\" align=\"justify\"><span class=\"Heads\">Yin Yang Spa<\/span><\/h3>\n<p class=\"BodyCopy\" align=\"justify\"><a href=\"http:\/\/cofresipalmresort.com\/wp-content\/uploads\/2015\/02\/2014-Yin-Yang-Spa_5.jpg\"><img loading=\"lazy\" decoding=\"async\" class=\"alignnone wp-image-301 size-full\" src=\"http:\/\/cofresipalmresort.com\/wp-content\/uploads\/2015\/02\/2014-Yin-Yang-Spa_5.jpg\" alt=\"\" width=\"1065\" height=\"437\" srcset=\"https:\/\/cofresipalmresort.com\/wp-content\/uploads\/2015\/02\/2014-Yin-Yang-Spa_5.jpg 1065w, https:\/\/cofresipalmresort.com\/wp-content\/uploads\/2015\/02\/2014-Yin-Yang-Spa_5-300x123.jpg 300w, https:\/\/cofresipalmresort.com\/wp-content\/uploads\/2015\/02\/2014-Yin-Yang-Spa_5-1024x420.jpg 1024w\" sizes=\"auto, (max-width: 1065px) 100vw, 1065px\" \/><\/a><\/p>\n<p>Creado con la energ\u00eda m\u00edstica de un templo asi\u00e1tico en mente, Yin Yang se extiende por el mundo para traerle las mejores de t\u00e9cnicas de masajes de estilo oriental, combinadas con la calidez de la cultura caribe\u00f1a, formando una experiencia \u00fanica de la indulgencia y la relajaci\u00f3n. Atiende las necesidades de hombres y mujeres; esta instalaci\u00f3n cuenta con ducha, sauna as\u00ed como y un club de bienestar.<\/p>\n<p>Una gama completa de servicios est\u00e1 disponible aqu\u00ed, incluyendo: varias opciones de masajes de pies, faciales, cuidado de u\u00f1as y cabello, aromaterapia y m\u00e1s&#8230;[\/vc_column_text][\/vc_column][\/vc_row][vc_row][vc_column width=\u00bb1\/1&#8243;][vc_separator color=\u00bbgrey\u00bb align=\u00bbalign_center\u00bb][\/vc_column][\/vc_row][vc_row][vc_column width=\u00bb1\/1&#8243;][vc_column_text]<\/p>\n<h3>DISCOTECA Y DIVERSION<\/h3>\n<p><a href=\"http:\/\/cofresipalmresort.com\/wp-content\/uploads\/2015\/02\/ICE-STOCK-121680367.jpg\"><img loading=\"lazy\" decoding=\"async\" class=\"alignnone wp-image-302 size-full\" src=\"http:\/\/cofresipalmresort.com\/wp-content\/uploads\/2015\/02\/ICE-STOCK-121680367.jpg\" alt=\"\" width=\"1065\" height=\"437\" srcset=\"https:\/\/cofresipalmresort.com\/wp-content\/uploads\/2015\/02\/ICE-STOCK-121680367.jpg 1065w, https:\/\/cofresipalmresort.com\/wp-content\/uploads\/2015\/02\/ICE-STOCK-121680367-300x123.jpg 300w, https:\/\/cofresipalmresort.com\/wp-content\/uploads\/2015\/02\/ICE-STOCK-121680367-1024x420.jpg 1024w\" sizes=\"auto, (max-width: 1065px) 100vw, 1065px\" \/><\/a><\/p>\n<p>\u00a1Cuando se pone el sol, el complejo cobra vida\u00a0 con entretenimiento nocturno para que usted jam\u00e1s tenga que irse! \u00a1Es hora de comenzar a divertirse! \u00a1A poca distancia\u00a0 los socios tienen un gran lugar para bailar toda la noche con m\u00fasica pulsante y luces el\u00e9ctricas que con seguridad pondr\u00e1n su cuerpo en movimiento!<\/p>\n<p>La Discoteca ICE en la propiedad, trae el estilo individual a la b\u00fasqueda sin edad de vida nocturna con un ambiente creado para ayudarle a encontrar\u00a0 lo que le hace feliz. \u00a1Se trata de una nueva manera de divertirse![\/vc_column_text][\/vc_column][\/vc_row][vc_row][vc_column width=\u00bb1\/1&#8243;][vc_separator color=\u00bbgrey\u00bb align=\u00bbalign_center\u00bb][\/vc_column][\/vc_row][vc_row][vc_column width=\u00bb1\/1&#8243;][vc_column_text]<\/p>\n<h3>ENTRETENIMIENTO<\/h3>\n<p><a href=\"http:\/\/cofresipalmresort.com\/wp-content\/uploads\/2015\/02\/2014-Colosseum01.jpg\"><img loading=\"lazy\" decoding=\"async\" class=\"alignnone wp-image-303 size-full\" src=\"http:\/\/cofresipalmresort.com\/wp-content\/uploads\/2015\/02\/2014-Colosseum01.jpg\" alt=\"\" width=\"1065\" height=\"437\" srcset=\"https:\/\/cofresipalmresort.com\/wp-content\/uploads\/2015\/02\/2014-Colosseum01.jpg 1065w, https:\/\/cofresipalmresort.com\/wp-content\/uploads\/2015\/02\/2014-Colosseum01-300x123.jpg 300w, https:\/\/cofresipalmresort.com\/wp-content\/uploads\/2015\/02\/2014-Colosseum01-1024x420.jpg 1024w\" sizes=\"auto, (max-width: 1065px) 100vw, 1065px\" \/><\/a><\/p>\n<p>\u00bfBusca un espect\u00e1culo, una canci\u00f3n, un bale en especial\u00a0 o tal vez una carajada o dos? Con dos complejos de entretenimiento en la propiedad, experimentar diversi\u00f3n sinf\u00edn\u00a0 no es un problema.<\/p>\n<p>The Colosseum es un gran escenario al aire libre con varias representaciones teatrales, mientras\u00a0 el teatro Lights, Camera, Action es una instalaci\u00f3n interior m\u00e1s \u00edntima, sin embargo, ambos se dedican a su diversi\u00f3n.[\/vc_column_text][\/vc_column][\/vc_row][vc_row][vc_column width=\u00bb1\/1&#8243;]<div class=\"button-group alignleft\">  <a href=\"http:\/\/cofresipalmresort.com\/es\/solicitud-de-reserva\/\" class=\"button\" >Solicitud De Reserva<\/a>\n<\/div>[\/vc_column][\/vc_row]<\/p>\n","protected":false},"excerpt":{"rendered":"<p>[vc_row][vc_column width=\u00bb1\/1&#8243;][\/vc_column][\/vc_row][vc_row][vc_column width=\u00bb1\/1&#8243;][vc_column_text] Servicios [\/vc_column_text][\/vc_column][\/vc_row][vc_row][vc_column width=\u00bb1\/2&#8243;][vc_column_text] Servicio de habitaciones Servicio de ama de llaves diario Servicios de Programaci\u00f3n de\u00a0 Excursiones Coordinaci\u00f3n de Bodas Cuidado Infantil Diario Servicios de cuidado de ni\u00f1os (requiere reservaci\u00f3n) Servicio de lavander\u00eda Servicios M\u00e9dicos las 24 horas en las instalaciones Servicios&#8230;<\/p>\n","protected":false},"author":1,"featured_media":0,"parent":0,"menu_order":0,"comment_status":"closed","ping_status":"closed","template":"","meta":{"_monsterinsights_skip_tracking":false,"_monsterinsights_sitenote_active":false,"_monsterinsights_sitenote_note":"","_monsterinsights_sitenote_category":0},"class_list":["post-131","page","type-page","status-publish","hentry"],"_links":{"self":[{"href":"https:\/\/cofresipalmresort.com\/es\/wp-json\/wp\/v2\/pages\/131\/"}],"collection":[{"href":"https:\/\/cofresipalmresort.com\/es\/wp-json\/wp\/v2\/pages\/"}],"about":[{"href":"https:\/\/cofresipalmresort.com\/es\/wp-json\/wp\/v2\/types\/page\/"}],"author":[{"embeddable":true,"href":"https:\/\/cofresipalmresort.com\/es\/wp-json\/wp\/v2\/users\/1\/"}],"replies":[{"embeddable":true,"href":"https:\/\/cofresipalmresort.com\/es\/wp-json\/wp\/v2\/comments\/?post=131"}],"version-history":[{"count":1,"href":"https:\/\/cofresipalmresort.com\/es\/wp-json\/wp\/v2\/pages\/131\/revisions\/"}],"predecessor-version":[{"id":539,"href":"https:\/\/cofresipalmresort.com\/es\/wp-json\/wp\/v2\/pages\/131\/revisions\/539\/"}],"wp:attachment":[{"href":"https:\/\/cofresipalmresort.com\/es\/wp-json\/wp\/v2\/media\/?parent=131"}],"curies":[{"name":"wp","href":"https:\/\/api.w.org\/{rel}","templated":true}]}}