{"id":133,"date":"2015-02-12T18:46:30","date_gmt":"2015-02-12T18:46:30","guid":{"rendered":"http:\/\/cofresipalmresort.com\/luxury-all-in-2\/"},"modified":"2015-04-02T21:23:18","modified_gmt":"2015-04-02T21:23:18","slug":"luxury-all-in","status":"publish","type":"page","link":"https:\/\/cofresipalmresort.com\/es\/luxury-all-in\/","title":{"rendered":"Luxury All-In"},"content":{"rendered":"<p>[vc_row][vc_column width=\u00bb1\/3&#8243;][vc_column_text]<img loading=\"lazy\" decoding=\"async\" class=\"aligncenter size-full wp-image-109\" src=\"http:\/\/cofresipalmresort.com\/wp-content\/uploads\/2015\/02\/Luxury_All-In_LOGO-white.png\" alt=\"Luxury_All-In_LOGO-white\" width=\"180\" height=\"208\" \/>[\/vc_column_text][\/vc_column][vc_column width=\u00bb2\/3&#8243;][vc_column_text]Durante los \u00faltimos a\u00f1os, LHVC ha trabajado incansablemente para continuamente mejorar su experiencia vacacional y ofrecer MAS.<\/p>\n<ul>\n<li><strong>MAS<\/strong> Restaurantes<\/li>\n<li><strong>MAS<\/strong> Bares<\/li>\n<li><strong>MAS<\/strong> Opciones de Alojamiento<\/li>\n<li><strong>MAS<\/strong> Propiedades<\/li>\n<li><strong>MAS<\/strong> Servicios<\/li>\n<li>Y \u00ab<strong>MAS<\/strong>\u00bb incluye bueno&#8230;<\/li>\n<\/ul>\n<p>\u00a1Much\u00edsimo MAS![\/vc_column_text][\/vc_column][\/vc_row][vc_row][vc_column width=\u00bb1\/1&#8243;][vc_column_text]<\/p>\n<h3>\u00a1Usted se sentir\u00e1 feliz de ser parte de TODO esto cuando se hospede en este magn\u00edfico resort!<\/h3>\n<p>[\/vc_column_text][vc_column_text]Servicio, Exclusividad y Lujo de Primera Calidad\u2026estas son algunas de las palabras utilizadas para describir a LHVC y aunque no tenemos la necesidad de vanagloriarnos \u2013 los elogios y premios recibidos a la fecha resaltando los esfuerzos de nuestro equipo culinario, han llevada a que nuestra magn\u00edfica experiencia gastron\u00f3mica conforme una clase propia y \u00fanica.<br \/>\nTeniendo esto en mente, la Experiencia en la Propiedad Lifestyle incluye:<\/p>\n<ul>\n<li>Privilegio de uso de todos los Restaurantes, Bares e Instalaciones del<\/li>\n<li>Resort (\u00c1reas y Servicios V.I.P Exclusivos para los Socios)<\/li>\n<li>Alimentos y Bebidas disponibles las 24 horas en localidades selectas<\/li>\n<li>Alimentaci\u00f3n Completa: acceso a desayunos, almuerzos y cenas en cualquiera de nuestros restaurantes en la propiedad (algunos restaurantes requieren reservaci\u00f3n previa)<\/li>\n<li>8 Exclusivos Restaurantes V.I.P<\/li>\n<li>11 Restaurantes para Todos los Hu\u00e9spedes que ofrecen men\u00fa a la carta para cenas (Reservaci\u00f3n previa puede ser requerida) incluyendo 2 Restaurantes que brindan un Buffet Internacional (no requieren reservaci\u00f3n previa)<\/li>\n<li>Refrigerios durante el d\u00eda y hasta tarde en la noche a trav\u00e9s de la propiedad, incluyendo 12 Bares V.I.P que ofrecen Refrigerios Livianos<\/li>\n<\/ul>\n<p>Incluye: Vino de la Casa con todas las Comidas, adem\u00e1s de Cerveza, Licores, Cocteles, Jugos y Bebidas no Alcoh\u00f3licas, los cuales est\u00e1n disponibles en los 12 Bares para Todos Los Hu\u00e9spedes y en los 16 Bares V.I.P de la Propiedad.<\/p>\n<p>Con el fin de sostener este fenomenal ritmo de crecimiento, las mejoras y la visi\u00f3n del Mega Resort que ahora reside sobre las playas Bah\u00eda Cofresi, nos sentimos muy orgullosos de anunciar que hemos creado la frase Luxury All-IN para describir algo que solamente el vivir la experiencia le hace justicia.[\/vc_column_text][\/vc_column][\/vc_row][vc_row][vc_column width=\u00bb1\/1&#8243;]<div class=\"button-group alignleft\">  <a href=\"http:\/\/cofresipalmresort.com\/es\/solicitud-de-reserva\/\" class=\"button\" >SOLICITUD DE RESERVA<\/a>\n<\/div>[\/vc_column][\/vc_row]<\/p>\n","protected":false},"excerpt":{"rendered":"<p>[vc_row][vc_column width=\u00bb1\/3&#8243;][vc_column_text][\/vc_column_text][\/vc_column][vc_column width=\u00bb2\/3&#8243;][vc_column_text]Durante los \u00faltimos a\u00f1os, LHVC ha trabajado incansablemente para continuamente mejorar su experiencia vacacional y ofrecer MAS. MAS Restaurantes MAS Bares MAS Opciones de Alojamiento MAS Propiedades MAS Servicios Y \u00abMAS\u00bb incluye bueno&#8230; \u00a1Much\u00edsimo MAS![\/vc_column_text][\/vc_column][\/vc_row][vc_row][vc_column width=\u00bb1\/1&#8243;][vc_column_text] \u00a1Usted se sentir\u00e1 feliz de ser parte&#8230;<\/p>\n","protected":false},"author":1,"featured_media":0,"parent":0,"menu_order":0,"comment_status":"closed","ping_status":"closed","template":"","meta":{"_monsterinsights_skip_tracking":false,"_monsterinsights_sitenote_active":false,"_monsterinsights_sitenote_note":"","_monsterinsights_sitenote_category":0},"class_list":["post-133","page","type-page","status-publish","hentry"],"_links":{"self":[{"href":"https:\/\/cofresipalmresort.com\/es\/wp-json\/wp\/v2\/pages\/133\/"}],"collection":[{"href":"https:\/\/cofresipalmresort.com\/es\/wp-json\/wp\/v2\/pages\/"}],"about":[{"href":"https:\/\/cofresipalmresort.com\/es\/wp-json\/wp\/v2\/types\/page\/"}],"author":[{"embeddable":true,"href":"https:\/\/cofresipalmresort.com\/es\/wp-json\/wp\/v2\/users\/1\/"}],"replies":[{"embeddable":true,"href":"https:\/\/cofresipalmresort.com\/es\/wp-json\/wp\/v2\/comments\/?post=133"}],"version-history":[{"count":1,"href":"https:\/\/cofresipalmresort.com\/es\/wp-json\/wp\/v2\/pages\/133\/revisions\/"}],"predecessor-version":[{"id":404,"href":"https:\/\/cofresipalmresort.com\/es\/wp-json\/wp\/v2\/pages\/133\/revisions\/404\/"}],"wp:attachment":[{"href":"https:\/\/cofresipalmresort.com\/es\/wp-json\/wp\/v2\/media\/?parent=133"}],"curies":[{"name":"wp","href":"https:\/\/api.w.org\/{rel}","templated":true}]}}