{"id":135,"date":"2015-02-12T18:44:57","date_gmt":"2015-02-12T18:44:57","guid":{"rendered":"http:\/\/cofresipalmresort.com\/location-2\/"},"modified":"2015-05-12T18:17:32","modified_gmt":"2015-05-12T18:17:32","slug":"ubicacion","status":"publish","type":"page","link":"https:\/\/cofresipalmresort.com\/es\/ubicacion\/","title":{"rendered":"Ubicaci\u00f3n"},"content":{"rendered":"<p>[vc_row][vc_column width=\u00bb1\/1&#8243;]  <!-- SLIDER -->\n    <div class=\"slider cf\">\n        \n      <div class=\"slide\">\n        <img decoding=\"async\" src=\"https:\/\/cofresipalmresort.com\/wp-content\/uploads\/2015\/05\/puertoplata_G12.jpg\" alt=\"\">\n      <\/div>\n        \n      <div class=\"slide\">\n        <img decoding=\"async\" src=\"https:\/\/cofresipalmresort.com\/wp-content\/uploads\/2015\/05\/puertoplata_G11.jpg\" alt=\"\">\n      <\/div>\n        \n      <div class=\"slide\">\n        <img decoding=\"async\" src=\"https:\/\/cofresipalmresort.com\/wp-content\/uploads\/2015\/05\/puertoplata_G10.jpg\" alt=\"\">\n      <\/div>\n        \n      <div class=\"slide\">\n        <img decoding=\"async\" src=\"https:\/\/cofresipalmresort.com\/wp-content\/uploads\/2015\/05\/puertoplata_G9.jpg\" alt=\"\">\n      <\/div>\n        \n      <div class=\"slide\">\n        <img decoding=\"async\" src=\"https:\/\/cofresipalmresort.com\/wp-content\/uploads\/2015\/05\/puertoplata_G8.jpg\" alt=\"\">\n      <\/div>\n        \n      <div class=\"slide\">\n        <img decoding=\"async\" src=\"https:\/\/cofresipalmresort.com\/wp-content\/uploads\/2015\/05\/puertoplata_G7.jpg\" alt=\"\">\n      <\/div>\n        \n      <div class=\"slide\">\n        <img decoding=\"async\" src=\"https:\/\/cofresipalmresort.com\/wp-content\/uploads\/2015\/05\/puertoplata_G6.jpg\" alt=\"\">\n      <\/div>\n        \n      <div class=\"slide\">\n        <img decoding=\"async\" src=\"https:\/\/cofresipalmresort.com\/wp-content\/uploads\/2015\/05\/puertoplata_G3.jpg\" alt=\"\">\n      <\/div>\n        \n      <div class=\"slide\">\n        <img decoding=\"async\" src=\"https:\/\/cofresipalmresort.com\/wp-content\/uploads\/2015\/05\/puertoplata_G1.jpg\" alt=\"\">\n      <\/div>\n    <div class=\"cycle-pager\"><\/div>      <span class=\"next\"><img decoding=\"async\" src=\"https:\/\/cofresipalmresort.com\/wp-content\/themes\/lhvc\/img\/next.png\"><\/span>\n      <span class=\"prev\"><img decoding=\"async\" src=\"https:\/\/cofresipalmresort.com\/wp-content\/themes\/lhvc\/img\/prev.png\"><\/span>\n    <\/div>\n  <!-- END SLIDER -->\n[\/vc_column][\/vc_row][vc_row][vc_column width=\u00bb1\/1&#8243;][vc_column_text]<\/p>\n<h3>Rep\u00fablica Dominicana<\/h3>\n<p><em>\u00abLa tierra m\u00e1s hermosa que sus ojos jam\u00e1s han visto\u2026\u00bb<\/em> \u2013\u00a0Crist\u00f3bal Col\u00f3n<\/p>\n<p>M\u00e1s all\u00e1 de playas acariciadas por el sol y un estilo vacacional tranquilo y libre de complicaciones, la Rep\u00fablica Dominicana ofrece una historia rica y llena de vitalidad que mezcla a Europa con el Nuevo Mundo.<\/p>\n<p>En 1492, Crist\u00f3bal Col\u00f3n arrib\u00f3 en su carabela insignia La Santa Mar\u00eda, a la Costa Norte de La Isla Espa\u00f1ola, un para\u00edso que se convertir\u00eda en la Rep\u00fablica Dominicana.<br \/>\nEn 1496, su hermano, Bartolomeo Col\u00f3n, fund\u00f3 a Santo Domingo \u2013 la primera ciudad oficial del Nuevo Mundo y hoy en d\u00eda la capital de este encantador pa\u00eds.<\/p>\n<p>Declarada Patrimonio Mundial por la UNESCO en 1990, la hist\u00f3rica Zona Colonial de la capital ofrece 100 cuadras al cuadrado de arquitectura Espa\u00f1ol-Colonial que data desde hace cinco siglos. De muchas maneras, la Rep\u00fablica Dominicana ofrece un paisaje de contrastes.<\/p>\n<p>Monta\u00f1as alpinas y r\u00e1pidas en los r\u00edos que forman abundante espuma blanca. Bosques tropicales frondosos que producen orqu\u00eddeas salvajes y buganvillas. Millas de playas primitivas salpicadas de palmas de coco. Y las sonrisas amigables y cari\u00f1osas de los habitantes multiculturales que llaman a este hermoso pa\u00eds \u00absu hogar\u00bb. Por todo lo anterior, no es de extra\u00f1arse que los viajeros regresen a\u00f1o tras a\u00f1o tras a\u00f1o a la Rep\u00fablica Dominicana.[\/vc_column_text][\/vc_column][\/vc_row][vc_row][vc_column width=\u00bb1\/1&#8243;][vc_column_text]<\/p>\n<h3 class=\"BodyCopy\"><span class=\"Heads\">Puerto Plata<\/span><\/h3>\n<p>En la costa norte de la Rep\u00fablica Dominicana se encuentra la encantadora ciudad de Puerto Plata. Este secreto tan bien mantenido ha sido extra\u00eddo de la historia de Europa y del Nuevo Mundo que data del a\u00f1o 1502, cuando Nicol\u00e1s de Ovando estableci\u00f3 una flota comercial de barcos bajo la direcci\u00f3n de Crist\u00f3bal Col\u00f3n.<\/p>\n<p>Al pasar por el frente de la magn\u00edfica Torre Victoriana en el Parque de la Independencia, usted podr\u00e1 percibir el periodo cuando Puerto Plata era el puerto comercial m\u00e1s importante de Nuevo Mundo y la Fortaleza de San Felipe proteg\u00eda a la ciudad de los ataques de los piratas.<\/p>\n<p>La historia de este hermoso lugar es verdaderamente multicultural. Hace m\u00e1s de 1.000 a\u00f1os los Indios Arawak caminaban por las playas de color \u00e1mbar y cazaban en las monta\u00f1as en la cercan\u00eda. Algunos esclavos que se escaparon de Am\u00e9rica a menudo encontraban aqu\u00ed un refugio seguro. Alrededor de los a\u00f1os 1800&#8217;s, la llegada de campesinos agricultores de la cercana Cuba lanz\u00f3 la era agr\u00edcola de la ca\u00f1a de az\u00facar y del tabaco que a\u00fan persiste.<\/p>\n<p>Una hist\u00f3rica galer\u00eda en una mansi\u00f3n alberga el Museo de \u00c1mbar Dominicano, dedicado a la piedra nacional de la Rep\u00fablica Dominicana \u2013 el transl\u00facido \u00e1mbar. Un faro antiguo, recientemente restaurado, nos transporta a los d\u00edas de los masivos galeones espa\u00f1oles y de los barcos que llegaban del Nuevo Mundo. Pasee por las pintorescas calles en donde encontrar\u00e1 encantadoras galer\u00edas, tiendas de regalos y caf\u00e9s abrigados por mansiones victorianas.<\/p>\n<p>Ignorada por d\u00e9cadas, esta hermosa ciudad costera se est\u00e1 convirtiendo r\u00e1pidamente en un destino de alta demanda para los viajeros de ocio en todo el mundo.[\/vc_column_text][\/vc_column][\/vc_row][vc_row][vc_column width=\u00bb1\/3&#8243;][vc_column_text]<\/p>\n<h3>Localizador de Aeropuertos<\/h3>\n<ol>\n<li>Aeropuerto Internacional de La Romana (LRM)<\/li>\n<li>Aeropuerto Internacional de Punta Cana (PUJ)<\/li>\n<li>Las Am\u00e9ricas (SDQ)<\/li>\n<li>Aeropuerto Internacional El Catey, Saman\u00e1 (AZS)<\/li>\n<li>Aeropuerto Internacional Gregorio Luper\u00f3n (POP)<\/li>\n<li>Aeropuerto Internacional de Cibao (Aeropuerto Internacional de Santiag) (STI)<\/li>\n<\/ol>\n<p>[\/vc_column_text][\/vc_column][vc_column width=\u00bb2\/3&#8243;][vc_column_text]<img loading=\"lazy\" decoding=\"async\" class=\"aligncenter size-full wp-image-102\" src=\"http:\/\/cofresipalmresort.com\/wp-content\/uploads\/2015\/02\/dom_rep_map.jpg\" alt=\"dom_rep_map\" width=\"500\" height=\"400\" srcset=\"https:\/\/cofresipalmresort.com\/wp-content\/uploads\/2015\/02\/dom_rep_map.jpg 500w, https:\/\/cofresipalmresort.com\/wp-content\/uploads\/2015\/02\/dom_rep_map-300x240.jpg 300w\" sizes=\"auto, (max-width: 500px) 100vw, 500px\" \/>[\/vc_column_text][\/vc_column][\/vc_row][vc_row][vc_column width=\u00bb1\/1&#8243;][vc_column_text]<\/p>\n<h3>Clima<\/h3>\n<table>\n<tbody>\n<tr>\n<td><\/td>\n<td>Ene<\/td>\n<td>Feb<\/td>\n<td>Mar<\/td>\n<td>Abr<\/td>\n<td>May<\/td>\n<td>Jun<\/td>\n<td>Jul<\/td>\n<td>Ago<\/td>\n<td>Sept<\/td>\n<td>Oct<\/td>\n<td>Nov<\/td>\n<td>Dic<\/td>\n<\/tr>\n<tr>\n<td>Temp. Prom. Baja \u00b0F<\/td>\n<td>68<\/td>\n<td>67<\/td>\n<td>68<\/td>\n<td>71<\/td>\n<td>72<\/td>\n<td>74<\/td>\n<td>74<\/td>\n<td>74<\/td>\n<td>74<\/td>\n<td>73<\/td>\n<td>71<\/td>\n<td>69<\/td>\n<\/tr>\n<tr>\n<td>Temp. Prom. Alta \u00b0F<\/td>\n<td>83<\/td>\n<td>83<\/td>\n<td>85<\/td>\n<td>86<\/td>\n<td>88<\/td>\n<td>90<\/td>\n<td>91<\/td>\n<td>92<\/td>\n<td>91<\/td>\n<td>89<\/td>\n<td>86<\/td>\n<td>85<\/td>\n<\/tr>\n<\/tbody>\n<\/table>\n<p>[\/vc_column_text][\/vc_column][\/vc_row][vc_row][vc_column width=\u00bb1\/1&#8243;]<div class=\"button-group alignleft\">  <a href=\"http:\/\/cofresipalmresort.com\/es\/solicitud-de-reserva\/\" class=\"button\" >SOLICITUD DE RESERVA<\/a>\n<\/div>[\/vc_column][\/vc_row]<\/p>\n","protected":false},"excerpt":{"rendered":"<p>[vc_row][vc_column width=\u00bb1\/1&#8243;][\/vc_column][\/vc_row][vc_row][vc_column width=\u00bb1\/1&#8243;][vc_column_text] Rep\u00fablica Dominicana \u00abLa tierra m\u00e1s hermosa que sus ojos jam\u00e1s han visto\u2026\u00bb \u2013\u00a0Crist\u00f3bal Col\u00f3n M\u00e1s all\u00e1 de playas acariciadas por el sol y un estilo vacacional tranquilo y libre de complicaciones, la Rep\u00fablica Dominicana ofrece una historia rica y llena de vitalidad&#8230;<\/p>\n","protected":false},"author":1,"featured_media":0,"parent":0,"menu_order":0,"comment_status":"closed","ping_status":"closed","template":"","meta":{"_monsterinsights_skip_tracking":false,"_monsterinsights_sitenote_active":false,"_monsterinsights_sitenote_note":"","_monsterinsights_sitenote_category":0},"class_list":["post-135","page","type-page","status-publish","hentry"],"_links":{"self":[{"href":"https:\/\/cofresipalmresort.com\/es\/wp-json\/wp\/v2\/pages\/135\/"}],"collection":[{"href":"https:\/\/cofresipalmresort.com\/es\/wp-json\/wp\/v2\/pages\/"}],"about":[{"href":"https:\/\/cofresipalmresort.com\/es\/wp-json\/wp\/v2\/types\/page\/"}],"author":[{"embeddable":true,"href":"https:\/\/cofresipalmresort.com\/es\/wp-json\/wp\/v2\/users\/1\/"}],"replies":[{"embeddable":true,"href":"https:\/\/cofresipalmresort.com\/es\/wp-json\/wp\/v2\/comments\/?post=135"}],"version-history":[{"count":1,"href":"https:\/\/cofresipalmresort.com\/es\/wp-json\/wp\/v2\/pages\/135\/revisions\/"}],"predecessor-version":[{"id":592,"href":"https:\/\/cofresipalmresort.com\/es\/wp-json\/wp\/v2\/pages\/135\/revisions\/592\/"}],"wp:attachment":[{"href":"https:\/\/cofresipalmresort.com\/es\/wp-json\/wp\/v2\/media\/?parent=135"}],"curies":[{"name":"wp","href":"https:\/\/api.w.org\/{rel}","templated":true}]}}