{"id":136,"date":"2015-01-15T02:24:27","date_gmt":"2015-01-15T02:24:27","guid":{"rendered":"http:\/\/cofresipalmresort.com\/activities-2\/"},"modified":"2015-04-07T14:45:29","modified_gmt":"2015-04-07T14:45:29","slug":"activities","status":"publish","type":"page","link":"https:\/\/cofresipalmresort.com\/es\/activities\/","title":{"rendered":"Actividades"},"content":{"rendered":"<p>[vc_row][vc_column width=\u00bb1\/1&#8243;]  <!-- SLIDER -->\n    <div class=\"slider cf\">\n        \n      <div class=\"slide\">\n        <img decoding=\"async\" src=\"https:\/\/cofresipalmresort.com\/wp-content\/uploads\/2015\/02\/Activities-Snorleing-ScubaDiving_20-1065x437.jpg\" alt=\"\">\n      <\/div>\n        \n      <div class=\"slide\">\n        <img decoding=\"async\" src=\"https:\/\/cofresipalmresort.com\/wp-content\/uploads\/2015\/02\/Activities-Pool-Aerobics_2-1065x437.jpg\" alt=\"\">\n      <\/div>\n        \n      <div class=\"slide\">\n        <img decoding=\"async\" src=\"\" alt=\"\">\n      <\/div>\n        \n      <div class=\"slide\">\n        <img decoding=\"async\" src=\"https:\/\/cofresipalmresort.com\/wp-content\/uploads\/2015\/02\/CPR-activities1-1065x437.jpg\" alt=\"\">\n      <\/div>\n        \n      <div class=\"slide\">\n        <img decoding=\"async\" src=\"https:\/\/cofresipalmresort.com\/wp-content\/uploads\/2015\/02\/Activities-Volleyball_4-1065x437.jpg\" alt=\"\">\n      <\/div>\n        \n      <div class=\"slide\">\n        <img decoding=\"async\" src=\"https:\/\/cofresipalmresort.com\/wp-content\/uploads\/2015\/02\/CPR-Kids-Club_31-1065x437.jpg\" alt=\"\">\n      <\/div>\n        \n      <div class=\"slide\">\n        <img decoding=\"async\" src=\"https:\/\/cofresipalmresort.com\/wp-content\/uploads\/2015\/02\/2014-Colosseum03-1065x437.jpg\" alt=\"\">\n      <\/div>\n        \n      <div class=\"slide\">\n        <img decoding=\"async\" src=\"https:\/\/cofresipalmresort.com\/wp-content\/uploads\/2015\/02\/2013-PSPP_11-1065x437.jpg\" alt=\"\">\n      <\/div>\n        \n      <div class=\"slide\">\n        <img decoding=\"async\" src=\"https:\/\/cofresipalmresort.com\/wp-content\/uploads\/2015\/02\/CPR-Kids-Club_36-1065x437.jpg\" alt=\"\">\n      <\/div>\n    <div class=\"cycle-pager\"><\/div>      <span class=\"next\"><img decoding=\"async\" src=\"https:\/\/cofresipalmresort.com\/wp-content\/themes\/lhvc\/img\/next.png\"><\/span>\n      <span class=\"prev\"><img decoding=\"async\" src=\"https:\/\/cofresipalmresort.com\/wp-content\/themes\/lhvc\/img\/prev.png\"><\/span>\n    <\/div>\n  <!-- END SLIDER -->\n[\/vc_column][\/vc_row][vc_row][vc_column width=\u00bb1\/3&#8243;][vc_column_text el_class=\u00bbtransparent\u00bb]<\/p>\n<h3>ACTIVIDADES\u00a0INCLUYEN:<\/h3>\n<ul>\n<li>Lecciones introductorias al Buceo (Certificadas por PADI)<\/li>\n<li>Deportes acu\u00e1ticos no motorizados<\/li>\n<li>Acceso al Gimnasio y al Club de Bienestar<\/li>\n<li>El entretenimiento nocturno incluye:<\/li>\n<li>Espect\u00e1culos en The Colosseum y en el teatro Lights, Camera, Action<\/li>\n<li>Admisi\u00f3n a la Discoteca ICE (Bebidas no Incluidas)<\/li>\n<li>Uso de las canchas de tenis (durante el d\u00eda)<\/li>\n<li>Servicio de transporte en la Propiedad<\/li>\n<li>Campo de golf Ejecutivo Los Mangos : Green Fee para 9 Hoyos o Media hora de Cl\u00ednica por parte de un Profesional de Golf por Estad\u00eda<\/li>\n<li><a title=\"Xtreme Zone\" href=\"http:\/\/cofresipalmresort.com\/es\/activities\/xtreme-zone\/\">Xtreme Zone<\/a><\/li>\n<\/ul>\n<p>[\/vc_column_text][\/vc_column][vc_column width=\u00bb1\/3&#8243;][vc_column_text el_class=\u00bbtransparent\u00bb]<\/p>\n<h3>EL PROGAMA DE ACTIVIDADES DURANTE EL DIA\u00a0 INCLUYEN:<\/h3>\n<ul>\n<li>Trote<\/li>\n<li>Juegos<\/li>\n<li>M\u00fasica<\/li>\n<li>Clases de Espa\u00f1ol<\/li>\n<li>Voleibol en la Playa y Piscina<\/li>\n<li>Aqua-Aer\u00f3bicos<\/li>\n<li>Clases de Baile<\/li>\n<li>Programas de Entretenimiento Diarios para ni\u00f1os<\/li>\n<\/ul>\n<p>[\/vc_column_text][\/vc_column][vc_column width=\u00bb1\/3&#8243;][vc_column_text]<\/p>\n<p style=\"text-align: center;\"><a href=\"http:\/\/www.lifestyleexcursions.com\" target=\"_blank\"><img loading=\"lazy\" decoding=\"async\" class=\" size-medium wp-image-353 aligncenter\" src=\"http:\/\/cofresipalmresort.com\/wp-content\/uploads\/2015\/03\/Lifestyle-Excursions-LOGO-KO-300x210.png\" alt=\"Lifestyle Excursions LOGO KO\" width=\"300\" height=\"210\" srcset=\"https:\/\/cofresipalmresort.com\/wp-content\/uploads\/2015\/03\/Lifestyle-Excursions-LOGO-KO-300x210.png 300w, https:\/\/cofresipalmresort.com\/wp-content\/uploads\/2015\/03\/Lifestyle-Excursions-LOGO-KO-1024x715.png 1024w, https:\/\/cofresipalmresort.com\/wp-content\/uploads\/2015\/03\/Lifestyle-Excursions-LOGO-KO.png 1201w\" sizes=\"auto, (max-width: 300px) 100vw, 300px\" \/><\/a><br \/>\n<a href=\"http:\/\/www.lifestyleexcursions.com\" target=\"_blank\">\u00a1Presione aqu\u00ed para visitar nuestro sitio web!<\/a><\/p>\n<p>[\/vc_column_text][\/vc_column][\/vc_row][vc_row][vc_column width=\u00bb1\/1&#8243;][vc_separator color=\u00bbgrey\u00bb][\/vc_column][\/vc_row][vc_row][vc_column width=\u00bb1\/1&#8243;][vc_column_text el_class=\u00bbtransparent\u00bb]<\/p>\n<h3>FIESTA CORESI V.IP LOS DOMINGOS<\/h3>\n<p><strong>\u00a0\u00a1Este evento es un evento no que deber\u00e1 perderse\u00a0 y que\u00a0 superar\u00e1 sus expectativas en todos los sentidos!<\/strong><\/p>\n<p>Todos los domingos por la noche permita que\u00a0 Lifestyle Holidays Vacation Resort le asombre y le transporte por completo\u00a0 a otro reino con esta experiencia inolvidable. La Fiesta de Bienvenida celebrada en el mejor evento en la Costa Norte, ser\u00e1 el punto culminante de sus vacaciones. Siga las luces del cielo que le guiar\u00e1n a este mundo m\u00e1gico. Los chefs deleitar\u00e1n sus sentidos culinarios con una gran cantidad de creaciones 5 estrellas que incluyen varias opciones deliciosas como la langosta a la parrilla, camarones, filetes y muchos otros alimentos internacionales maravillosos. La selecci\u00f3n de bebidas internacionales es infinita por lo que puede desafiar al\u00a0 personal a ver si pueden brindarle su mezcla especial. Va a quedar realmente asombrado con las fant\u00e1sticas actuaciones que podr\u00e1 disfrutar, bailarines ex\u00f3ticos de alta energ\u00eda que hacen haza\u00f1as alucinantes, una banda en vivo que le har\u00e1 bailar toda la noche. Para completar la noche d\u00e9jese\u00a0 deslumbrar por el mejor espect\u00e1culo de fuegos artificiales que se ofrece en el Caribe.<\/p>\n<p><a href=\"http:\/\/cofresipalmresort.com\/wp-content\/uploads\/2015\/02\/2013-Frandy-sax-player_09.jpg\"><img loading=\"lazy\" decoding=\"async\" class=\"alignnone wp-image-287 size-full\" src=\"http:\/\/cofresipalmresort.com\/wp-content\/uploads\/2015\/02\/2013-Frandy-sax-player_09.jpg\" alt=\"\" width=\"1065\" height=\"437\" srcset=\"https:\/\/cofresipalmresort.com\/wp-content\/uploads\/2015\/02\/2013-Frandy-sax-player_09.jpg 1065w, https:\/\/cofresipalmresort.com\/wp-content\/uploads\/2015\/02\/2013-Frandy-sax-player_09-300x123.jpg 300w, https:\/\/cofresipalmresort.com\/wp-content\/uploads\/2015\/02\/2013-Frandy-sax-player_09-1024x420.jpg 1024w\" sizes=\"auto, (max-width: 1065px) 100vw, 1065px\" \/><\/a>[\/vc_column_text][\/vc_column][\/vc_row][vc_row][vc_column width=\u00bb1\/1&#8243;][vc_separator color=\u00bbgrey\u00bb][\/vc_column][\/vc_row][vc_row][vc_column width=\u00bb1\/1&#8243;][vc_column_text el_class=\u00bbtransparent\u00bb]<\/p>\n<h3>S\u00d3LO PARA LOS NI\u00d1OS<\/h3>\n<p>\u00a1Por supuesto no nos olvidaremos de nuestros miembros m\u00e1s j\u00f3venes! Tambi\u00e9n tenemos dos clubes dedicados a las actividades y diversiones que los\u00a0 ni\u00f1os disfrutan juntos. Ya sea que se trate de una actividad de grupo, juegos o proyectos de arte individuales, mantenemos a los m\u00e1s peque\u00f1os entretenidos en un ambiente seguro y divertido para que los padres pueden relajarse y disfrutar de su tiempo en la propiedad tambi\u00e9n.<\/p>\n<ul>\n<li>Club de ni\u00f1os Supervisado abre todos los d\u00edas de 09 a.m.-12:00p.m. y de 14:00-17:00<\/li>\n<li>Programa de actividades diarias para ni\u00f1os de 4 a 12 a\u00f1os<\/li>\n<li>Dos piscinas infantiles<\/li>\n<li>Mini-Discoteca<\/li>\n<li>Actividades para adolescentes<\/li>\n<li>Zona de juegos<\/li>\n<\/ul>\n<p><a href=\"http:\/\/cofresipalmresort.com\/wp-content\/uploads\/2015\/02\/CPR-Kids-Club_95.jpg\"><img loading=\"lazy\" decoding=\"async\" class=\"alignnone wp-image-290 size-full\" src=\"http:\/\/cofresipalmresort.com\/wp-content\/uploads\/2015\/02\/CPR-Kids-Club_95.jpg\" alt=\"\" width=\"1065\" height=\"437\" srcset=\"https:\/\/cofresipalmresort.com\/wp-content\/uploads\/2015\/02\/CPR-Kids-Club_95.jpg 1065w, https:\/\/cofresipalmresort.com\/wp-content\/uploads\/2015\/02\/CPR-Kids-Club_95-300x123.jpg 300w, https:\/\/cofresipalmresort.com\/wp-content\/uploads\/2015\/02\/CPR-Kids-Club_95-1024x420.jpg 1024w\" sizes=\"auto, (max-width: 1065px) 100vw, 1065px\" \/><\/a>[\/vc_column_text][\/vc_column][\/vc_row][vc_row][vc_column width=\u00bb1\/1&#8243;]<div class=\"button-group alignleft\">  <a href=\"http:\/\/cofresipalmresort.com\/es\/solicitud-de-reserva\/\" class=\"button\" >SOLICITUD DE RESERVA <\/a>\n<\/div>[\/vc_column][\/vc_row]<\/p>\n","protected":false},"excerpt":{"rendered":"<p>[vc_row][vc_column width=\u00bb1\/1&#8243;][\/vc_column][\/vc_row][vc_row][vc_column width=\u00bb1\/3&#8243;][vc_column_text el_class=\u00bbtransparent\u00bb] ACTIVIDADES\u00a0INCLUYEN: Lecciones introductorias al Buceo (Certificadas por PADI) Deportes acu\u00e1ticos no motorizados Acceso al Gimnasio y al Club de Bienestar El entretenimiento nocturno incluye: Espect\u00e1culos en The Colosseum y en el teatro Lights, Camera, Action Admisi\u00f3n a la Discoteca ICE (Bebidas&#8230;<\/p>\n","protected":false},"author":1,"featured_media":0,"parent":0,"menu_order":0,"comment_status":"closed","ping_status":"closed","template":"","meta":{"_monsterinsights_skip_tracking":false,"_monsterinsights_sitenote_active":false,"_monsterinsights_sitenote_note":"","_monsterinsights_sitenote_category":0},"class_list":["post-136","page","type-page","status-publish","hentry"],"_links":{"self":[{"href":"https:\/\/cofresipalmresort.com\/es\/wp-json\/wp\/v2\/pages\/136\/"}],"collection":[{"href":"https:\/\/cofresipalmresort.com\/es\/wp-json\/wp\/v2\/pages\/"}],"about":[{"href":"https:\/\/cofresipalmresort.com\/es\/wp-json\/wp\/v2\/types\/page\/"}],"author":[{"embeddable":true,"href":"https:\/\/cofresipalmresort.com\/es\/wp-json\/wp\/v2\/users\/1\/"}],"replies":[{"embeddable":true,"href":"https:\/\/cofresipalmresort.com\/es\/wp-json\/wp\/v2\/comments\/?post=136"}],"version-history":[{"count":1,"href":"https:\/\/cofresipalmresort.com\/es\/wp-json\/wp\/v2\/pages\/136\/revisions\/"}],"predecessor-version":[{"id":432,"href":"https:\/\/cofresipalmresort.com\/es\/wp-json\/wp\/v2\/pages\/136\/revisions\/432\/"}],"wp:attachment":[{"href":"https:\/\/cofresipalmresort.com\/es\/wp-json\/wp\/v2\/media\/?parent=136"}],"curies":[{"name":"wp","href":"https:\/\/api.w.org\/{rel}","templated":true}]}}