{"id":137,"date":"2015-01-08T19:17:55","date_gmt":"2015-01-08T19:17:55","guid":{"rendered":"http:\/\/cofresipalmresort.com\/home-page-2\/"},"modified":"2015-02-23T20:13:30","modified_gmt":"2015-02-23T20:13:30","slug":"home-page","status":"publish","type":"page","link":"https:\/\/cofresipalmresort.com\/es\/","title":{"rendered":"Inicio"},"content":{"rendered":"<p>[vc_row][vc_column width=\u00bb1\/1&#8243;][vc_column_text]<img loading=\"lazy\" decoding=\"async\" class=\"aligncenter size-full wp-image-140\" src=\"http:\/\/cofresipalmresort.com\/wp-content\/uploads\/2015\/02\/bienvenido.png\" alt=\"bienvenido\" width=\"857\" height=\"195\" srcset=\"https:\/\/cofresipalmresort.com\/wp-content\/uploads\/2015\/02\/bienvenido.png 857w, https:\/\/cofresipalmresort.com\/wp-content\/uploads\/2015\/02\/bienvenido-300x68.png 300w\" sizes=\"auto, (max-width: 857px) 100vw, 857px\" \/>[\/vc_column_text][\/vc_column][\/vc_row][vc_row][vc_column width=\u00bb1\/1&#8243;]  <div class=\"home-inner cf\">\n    <\/p>\n<p class=\"BodyCopy\">Cofresi Palm Beach &amp; Spa Resort &#8211; Rep\u00fablica Dominicana, es la nueva joya en la corona de Lifestyle Holidays Vacation Club. Anidado a lo largo de las playas de Playa Cofresi con una hermosa vista hacia el resplandeciente Mar Caribe, el resort ofrece una experiencia de lujo para las familias y parejas que buscan disfrutar de esa \u00abescapada perfecta\u00bb.<\/p>\n<p class=\"BodyCopy\">Cuenta con 468 unidades exquisitamente decoradas que van desde Spa Suites para Adultos \u00danicamente hasta habitaciones est\u00e1ndares familiares, localizadas en un tranquilo paraje entre la playa y la espectacular piscina. Este es un resort digno representante del nombre Lifestyle. Fue dise\u00f1ado teniendo en mente el confort y el espacio, convirtiendo a Cofresi Palm en una experiencia relajante, deleitable y altamente satisfactoria para los hu\u00e9spedes y sus familias. Todas las habitaciones tienen aire acondicionado, televisi\u00f3n por cable, tel\u00e9fonos, ventiladores de techo y un mobiliario en maderas oscuras. Los sombreados patios y terrazas proveen un ambiente sosegado para reuniones en algunas de las unidades. Cofresi Palm brinda servicios e instalaciones que son est\u00e1ndares en las propiedades de Lifestyle, brindando as\u00ed una experiencia de alojamiento lujosa y \u00fanica. \u05d5\u05b9El resort ofrece una atm\u00f3sfera sosegada y reposada t\u00edpica del Caribe en un ambiente elegante y opulento, as\u00ed como servicios V.I.P en la propiedad que satisfacen todas sus necesidades vacacionales!<\/p>\n<p>\n  <\/div>\n[\/vc_column][\/vc_row][vc_row][vc_column width=\u00bb1\/1&#8243;]    <div class=\"carousel-wrap cf\">\n      <div class=\"cf\">\n        <div class=\"carousel owl-carousel\">\n                  <div class=\"c-item\">\n            <a href=\"\/wordpress\/ES\/ALOJAMIENTOS\">\n              <img decoding=\"async\" src=\"\" alt=\"\">\n              <span class=\"c-caption\">ALOJAMIENTOS<\/span>\n            <\/a>\n          <\/div>\n                  <div class=\"c-item\">\n            <a href=\"\/wordpress\/ACTIVIDADES\">\n              <img decoding=\"async\" src=\"\" alt=\"\">\n              <span class=\"c-caption\">ACTIVIDADES<\/span>\n            <\/a>\n          <\/div>\n                  <div class=\"c-item\">\n            <a href=\"\/wordpress\/PLAYAS-PISCINAS\">\n              <img decoding=\"async\" src=\"\" alt=\"\">\n              <span class=\"c-caption\">PLAYAS Y PISCINAS<\/span>\n            <\/a>\n          <\/div>\n                <\/div>\n      <\/div>\n    <\/div>\n[\/vc_column][\/vc_row]<\/p>\n","protected":false},"excerpt":{"rendered":"<p>[vc_row][vc_column width=\u00bb1\/1&#8243;][vc_column_text][\/vc_column_text][\/vc_column][\/vc_row][vc_row][vc_column width=\u00bb1\/1&#8243;][\/vc_column][\/vc_row][vc_row][vc_column width=\u00bb1\/1&#8243;][\/vc_column][\/vc_row]<\/p>\n","protected":false},"author":1,"featured_media":0,"parent":0,"menu_order":0,"comment_status":"closed","ping_status":"closed","template":"","meta":{"_monsterinsights_skip_tracking":false,"_monsterinsights_sitenote_active":false,"_monsterinsights_sitenote_note":"","_monsterinsights_sitenote_category":0},"class_list":["post-137","page","type-page","status-publish","hentry"],"_links":{"self":[{"href":"https:\/\/cofresipalmresort.com\/es\/wp-json\/wp\/v2\/pages\/137\/"}],"collection":[{"href":"https:\/\/cofresipalmresort.com\/es\/wp-json\/wp\/v2\/pages\/"}],"about":[{"href":"https:\/\/cofresipalmresort.com\/es\/wp-json\/wp\/v2\/types\/page\/"}],"author":[{"embeddable":true,"href":"https:\/\/cofresipalmresort.com\/es\/wp-json\/wp\/v2\/users\/1\/"}],"replies":[{"embeddable":true,"href":"https:\/\/cofresipalmresort.com\/es\/wp-json\/wp\/v2\/comments\/?post=137"}],"version-history":[{"count":1,"href":"https:\/\/cofresipalmresort.com\/es\/wp-json\/wp\/v2\/pages\/137\/revisions\/"}],"predecessor-version":[{"id":320,"href":"https:\/\/cofresipalmresort.com\/es\/wp-json\/wp\/v2\/pages\/137\/revisions\/320\/"}],"wp:attachment":[{"href":"https:\/\/cofresipalmresort.com\/es\/wp-json\/wp\/v2\/media\/?parent=137"}],"curies":[{"name":"wp","href":"https:\/\/api.w.org\/{rel}","templated":true}]}}