{"id":138,"date":"2014-09-16T17:32:31","date_gmt":"2014-09-16T17:32:31","guid":{"rendered":"http:\/\/cofresipalmresort.com\/accomodations-2\/"},"modified":"2015-04-02T21:22:41","modified_gmt":"2015-04-02T21:22:41","slug":"alojamientos","status":"publish","type":"page","link":"https:\/\/cofresipalmresort.com\/es\/alojamientos\/","title":{"rendered":"Alojamientos"},"content":{"rendered":"<p>[vc_row][vc_column width=\u00bb1\/1&#8243;]  <!-- SLIDER -->\n    <div class=\"slider cf\">\n        \n      <div class=\"slide\">\n        <img decoding=\"async\" src=\"https:\/\/cofresipalmresort.com\/wp-content\/uploads\/2015\/02\/CPR-accommodations5-1064x437.jpg\" alt=\"\">\n      <\/div>\n        \n      <div class=\"slide\">\n        <img decoding=\"async\" src=\"https:\/\/cofresipalmresort.com\/wp-content\/uploads\/2015\/02\/CPR-accommodations2-1063x437.jpg\" alt=\"\">\n      <\/div>\n        \n      <div class=\"slide\">\n        <img decoding=\"async\" src=\"https:\/\/cofresipalmresort.com\/wp-content\/uploads\/2015\/02\/CPR-accommodations3-1065x437.jpg\" alt=\"\">\n      <\/div>\n        \n      <div class=\"slide\">\n        <img decoding=\"async\" src=\"https:\/\/cofresipalmresort.com\/wp-content\/uploads\/2015\/02\/CPR-accommodations6-1065x437.jpg\" alt=\"\">\n      <\/div>\n        \n      <div class=\"slide\">\n        <img decoding=\"async\" src=\"https:\/\/cofresipalmresort.com\/wp-content\/uploads\/2015\/02\/CPR-accommodations4-1065x437.jpg\" alt=\"\">\n      <\/div>\n        \n      <div class=\"slide\">\n        <img decoding=\"async\" src=\"https:\/\/cofresipalmresort.com\/wp-content\/uploads\/2015\/01\/2013-CPR_05-e1424110606488-1065x437.jpg\" alt=\"\">\n      <\/div>\n    <div class=\"cycle-pager\"><\/div>      <span class=\"next\"><img decoding=\"async\" src=\"https:\/\/cofresipalmresort.com\/wp-content\/themes\/lhvc\/img\/next.png\"><\/span>\n      <span class=\"prev\"><img decoding=\"async\" src=\"https:\/\/cofresipalmresort.com\/wp-content\/themes\/lhvc\/img\/prev.png\"><\/span>\n    <\/div>\n  <!-- END SLIDER -->\n[\/vc_column][\/vc_row][vc_row][vc_column][vc_column_text el_class=\u00bbtransparent\u00bb]<\/p>\n<p class=\"BodyCopy\" align=\"justify\">Este hermoso resort se compone de diferentes secciones de unidades que son especificas a los requisitos vacacionales de los hu\u00e9spedes incluyendo: 18 exclusivas Spa Suites \u00fanicamente para adultos, 208 habitaciones est\u00e1ndares familiares, 180 habitaciones ubicadas a lo largo de la playa que brindan una mezcla de camas tama\u00f1o King y dobles, 60 residencias para alquiler a largo plazo y 2 espectaculares Penthouses con Vista al Mar. Todas las habitaciones tienen muebles modernos y c\u00f3modos, pisos de m\u00e1rmol, aire acondicionado, ventiladores de techo, la gran mayor\u00eda cuentan con TV&#8217;s de pantalla plana, ba\u00f1o con acabados en m\u00e1rmol, secadores de pelo, cajas de seguridad y mini-bares. Algunas de las habitaciones tienen cocinetas peque\u00f1as, Jacuzzis en la unidad y una terraza o balc\u00f3n.<\/p>\n<p>[\/vc_column_text][vc_column_text]<\/p>\n<h3>Suites al lado del Mar<\/h3>\n<p>Ubicadas cerca de Cofresi Beach, estas suites grandes y aireadas son para el uso exclusivo de los Accionistas, Socios y Hu\u00e9spedes Especiales.<\/p>\n<h3>Spa Suites<\/h3>\n<p>Las suites rodean al spa Yin Yang, creando as\u00ed un ambiente exclusivo \u00abPara Adultos\u00bb que ofrece un ambiente relajante y libre de las preocupaciones de la vida cotidiana.<\/p>\n<h3>Habitaciones con Ambiente Familiar<\/h3>\n<p>Situadas en el coraz\u00f3n del resort y de toda la acci\u00f3n, estas habitaciones con ambiente familiar est\u00e1n dirigidas a familias con ni\u00f1os y ofrecen actividades especiales como: centro de arte para ni\u00f1os, centro acu\u00e1tico familiar y piscina para ni\u00f1os dentro del \u00e1rea central del resort.<\/p>\n<h3>Residence rooms<\/h3>\n<p>Las habitaciones se enfocan en individuos que prefieren alojarse por un periodo de tiempo largo sin la necesidad de optar por el Plan Todo Incluido.<\/p>\n<p><a href=\"http:\/\/lifestyleholidaysvc.com\/wordpress_downloads\/FactSheet-CPR-General-SPA.pdf\" target=\"_blank\">HOJA DE DATOS<\/a>[\/vc_column_text][\/vc_column][\/vc_row][vc_row][vc_column width=\u00bb1\/1&#8243;]<div class=\"button-group alignleft\">  <a href=\"http:\/\/cofresipalmresort.com\/es\/solicitud-de-reserva\/\" class=\"button\" >SOLICITUD DE RESERVA<\/a>\n<\/div>[\/vc_column][\/vc_row]<\/p>\n","protected":false},"excerpt":{"rendered":"<p>[vc_row][vc_column width=\u00bb1\/1&#8243;][\/vc_column][\/vc_row][vc_row][vc_column][vc_column_text el_class=\u00bbtransparent\u00bb] Este hermoso resort se compone de diferentes secciones de unidades que son especificas a los requisitos vacacionales de los hu\u00e9spedes incluyendo: 18 exclusivas Spa Suites \u00fanicamente para adultos, 208 habitaciones est\u00e1ndares familiares, 180 habitaciones ubicadas a lo largo de la playa que&#8230;<\/p>\n","protected":false},"author":1,"featured_media":0,"parent":0,"menu_order":0,"comment_status":"closed","ping_status":"closed","template":"","meta":{"_monsterinsights_skip_tracking":false,"_monsterinsights_sitenote_active":false,"_monsterinsights_sitenote_note":"","_monsterinsights_sitenote_category":0},"class_list":["post-138","page","type-page","status-publish","hentry"],"_links":{"self":[{"href":"https:\/\/cofresipalmresort.com\/es\/wp-json\/wp\/v2\/pages\/138\/"}],"collection":[{"href":"https:\/\/cofresipalmresort.com\/es\/wp-json\/wp\/v2\/pages\/"}],"about":[{"href":"https:\/\/cofresipalmresort.com\/es\/wp-json\/wp\/v2\/types\/page\/"}],"author":[{"embeddable":true,"href":"https:\/\/cofresipalmresort.com\/es\/wp-json\/wp\/v2\/users\/1\/"}],"replies":[{"embeddable":true,"href":"https:\/\/cofresipalmresort.com\/es\/wp-json\/wp\/v2\/comments\/?post=138"}],"version-history":[{"count":1,"href":"https:\/\/cofresipalmresort.com\/es\/wp-json\/wp\/v2\/pages\/138\/revisions\/"}],"predecessor-version":[{"id":402,"href":"https:\/\/cofresipalmresort.com\/es\/wp-json\/wp\/v2\/pages\/138\/revisions\/402\/"}],"wp:attachment":[{"href":"https:\/\/cofresipalmresort.com\/es\/wp-json\/wp\/v2\/media\/?parent=138"}],"curies":[{"name":"wp","href":"https:\/\/api.w.org\/{rel}","templated":true}]}}