{"id":345,"date":"2015-02-27T16:23:12","date_gmt":"2015-02-27T16:23:12","guid":{"rendered":"http:\/\/cofresipalmresort.com\/actividades\/xtreme-zone\/"},"modified":"2015-05-12T18:11:32","modified_gmt":"2015-05-12T18:11:32","slug":"xtreme-zone","status":"publish","type":"page","link":"https:\/\/cofresipalmresort.com\/es\/activities\/xtreme-zone\/","title":{"rendered":"Xtreme Zone"},"content":{"rendered":"<p>[vc_row][vc_column width=\u00bb1\/1&#8243;][vc_column_text]<img loading=\"lazy\" decoding=\"async\" class=\"aligncenter size-full wp-image-336\" src=\"http:\/\/cofresipalmresort.com\/wp-content\/uploads\/2015\/02\/XTREME-ZONE-LOGO.png\" alt=\"XTREME-ZONE-LOGO\" width=\"500\" height=\"266\" srcset=\"https:\/\/cofresipalmresort.com\/wp-content\/uploads\/2015\/02\/XTREME-ZONE-LOGO.png 500w, https:\/\/cofresipalmresort.com\/wp-content\/uploads\/2015\/02\/XTREME-ZONE-LOGO-300x160.png 300w\" sizes=\"auto, (max-width: 500px) 100vw, 500px\" \/>[\/vc_column_text][\/vc_column][\/vc_row][vc_row][vc_column width=\u00bb1\/1&#8243;]  <!-- SLIDER -->\n    <div class=\"slider cf\">\n        \n      <div class=\"slide\">\n        <img decoding=\"async\" src=\"https:\/\/cofresipalmresort.com\/wp-content\/uploads\/2015\/05\/Xtreme-Sports_G1.jpg\" alt=\"\">\n      <\/div>\n        \n      <div class=\"slide\">\n        <img decoding=\"async\" src=\"https:\/\/cofresipalmresort.com\/wp-content\/uploads\/2015\/05\/Xtreme-Sports_G2.jpg\" alt=\"\">\n      <\/div>\n        \n      <div class=\"slide\">\n        <img decoding=\"async\" src=\"https:\/\/cofresipalmresort.com\/wp-content\/uploads\/2015\/05\/Xtreme-Sports_G3.jpg\" alt=\"\">\n      <\/div>\n        \n      <div class=\"slide\">\n        <img decoding=\"async\" src=\"https:\/\/cofresipalmresort.com\/wp-content\/uploads\/2015\/05\/Xtreme-Sports_G4.jpg\" alt=\"\">\n      <\/div>\n        \n      <div class=\"slide\">\n        <img decoding=\"async\" src=\"https:\/\/cofresipalmresort.com\/wp-content\/uploads\/2015\/05\/Xtreme-Sports_G5.jpg\" alt=\"\">\n      <\/div>\n        \n      <div class=\"slide\">\n        <img decoding=\"async\" src=\"https:\/\/cofresipalmresort.com\/wp-content\/uploads\/2015\/05\/Xtreme-Sports_G6.jpg\" alt=\"\">\n      <\/div>\n        \n      <div class=\"slide\">\n        <img decoding=\"async\" src=\"https:\/\/cofresipalmresort.com\/wp-content\/uploads\/2015\/05\/Xtreme-Sports_G7.jpg\" alt=\"\">\n      <\/div>\n        \n      <div class=\"slide\">\n        <img decoding=\"async\" src=\"https:\/\/cofresipalmresort.com\/wp-content\/uploads\/2015\/05\/Xtreme-Sports_G8.jpg\" alt=\"\">\n      <\/div>\n        \n      <div class=\"slide\">\n        <img decoding=\"async\" src=\"https:\/\/cofresipalmresort.com\/wp-content\/uploads\/2015\/05\/Xtreme-Sports_G9.jpg\" alt=\"\">\n      <\/div>\n        \n      <div class=\"slide\">\n        <img decoding=\"async\" src=\"https:\/\/cofresipalmresort.com\/wp-content\/uploads\/2015\/05\/Xtreme-Sports_G10.jpg\" alt=\"\">\n      <\/div>\n        \n      <div class=\"slide\">\n        <img decoding=\"async\" src=\"https:\/\/cofresipalmresort.com\/wp-content\/uploads\/2015\/05\/Xtreme-Sports_G11.jpg\" alt=\"\">\n      <\/div>\n        \n      <div class=\"slide\">\n        <img decoding=\"async\" src=\"https:\/\/cofresipalmresort.com\/wp-content\/uploads\/2015\/05\/Xtreme-Sports_G12.jpg\" alt=\"\">\n      <\/div>\n        \n      <div class=\"slide\">\n        <img decoding=\"async\" src=\"https:\/\/cofresipalmresort.com\/wp-content\/uploads\/2015\/05\/Xtreme-Sports_G13.jpg\" alt=\"\">\n      <\/div>\n        \n      <div class=\"slide\">\n        <img decoding=\"async\" src=\"https:\/\/cofresipalmresort.com\/wp-content\/uploads\/2015\/05\/Xtreme-Sports_G14.jpg\" alt=\"\">\n      <\/div>\n        \n      <div class=\"slide\">\n        <img decoding=\"async\" src=\"https:\/\/cofresipalmresort.com\/wp-content\/uploads\/2015\/05\/Xtreme-Sports_G15.jpg\" alt=\"\">\n      <\/div>\n        \n      <div class=\"slide\">\n        <img decoding=\"async\" src=\"https:\/\/cofresipalmresort.com\/wp-content\/uploads\/2015\/05\/Xtreme-Sports_G16.jpg\" alt=\"\">\n      <\/div>\n    <div class=\"cycle-pager\"><\/div>      <span class=\"next\"><img decoding=\"async\" src=\"https:\/\/cofresipalmresort.com\/wp-content\/themes\/lhvc\/img\/next.png\"><\/span>\n      <span class=\"prev\"><img decoding=\"async\" src=\"https:\/\/cofresipalmresort.com\/wp-content\/themes\/lhvc\/img\/prev.png\"><\/span>\n    <\/div>\n  <!-- END SLIDER -->\n[\/vc_column][\/vc_row][vc_row][vc_column width=\u00bb1\/1&#8243;][vc_column_text]Lifestyle Holidays Vacation Resort centro en la propiedad aventura que te ha salpicaduras, columpiarse, deslizarse, rebotando y escalada. Elija de hockey, baloncesto, f\u00fatbol americano, cama el\u00e1stica, mini golf, bolos, escalada en pared de roca, tiro con arco, y m\u00e1s. Los deportes y actividades gratuitas son infinitas para mayores de 12 a\u00f1os.<\/p>\n<p>Xtreme Paintball tambi\u00e9n se ofrece para las edades de 12 y hasta a una cuota de socio de 10 d\u00f3lares por juego, incluyendo 40 bolas y $ 20 para todos los hu\u00e9spedes, as\u00ed como Xtreme Tennis 08 a.m.-10 p.m. diaria. Los juegos son gratis por hora hasta las 7 pm, l\u00edmite de dos horas por d\u00eda, y $ 10 d\u00f3lares por hora 19:00-22:00<\/p>\n<p>Zona Xtreme est\u00e1 abierto de 9 am a mediod\u00eda, de 3 a 6 pm y 19:00-22:00 todos los d\u00edas. Para reservaciones de actividades, visite el Escritorio Xtreme Zona Delantera.<\/p>\n<p><a href=\"http:\/\/cofresipalmresort.com\/wp-content\/uploads\/2015\/03\/Xtreme-zone-logos-01.png\"><img loading=\"lazy\" decoding=\"async\" class=\"alignnone size-full wp-image-374\" src=\"http:\/\/cofresipalmresort.com\/wp-content\/uploads\/2015\/03\/Xtreme-zone-logos-01.png\" alt=\"Xtreme-zone-logos-01\" width=\"1083\" height=\"499\" srcset=\"https:\/\/cofresipalmresort.com\/wp-content\/uploads\/2015\/03\/Xtreme-zone-logos-01.png 1083w, https:\/\/cofresipalmresort.com\/wp-content\/uploads\/2015\/03\/Xtreme-zone-logos-01-300x138.png 300w, https:\/\/cofresipalmresort.com\/wp-content\/uploads\/2015\/03\/Xtreme-zone-logos-01-1024x472.png 1024w\" sizes=\"auto, (max-width: 1083px) 100vw, 1083px\" \/><\/a>[\/vc_column_text][\/vc_column][\/vc_row]<\/p>\n","protected":false},"excerpt":{"rendered":"<p>[vc_row][vc_column width=\u00bb1\/1&#8243;][vc_column_text][\/vc_column_text][\/vc_column][\/vc_row][vc_row][vc_column width=\u00bb1\/1&#8243;][\/vc_column][\/vc_row][vc_row][vc_column width=\u00bb1\/1&#8243;][vc_column_text]Lifestyle Holidays Vacation Resort centro en la propiedad aventura que te ha salpicaduras, columpiarse, deslizarse, rebotando y escalada. Elija de hockey, baloncesto, f\u00fatbol americano, cama el\u00e1stica, mini golf, bolos, escalada en pared de roca, tiro con arco, y m\u00e1s. Los deportes y&#8230;<\/p>\n","protected":false},"author":1,"featured_media":0,"parent":136,"menu_order":0,"comment_status":"closed","ping_status":"closed","template":"","meta":{"_monsterinsights_skip_tracking":false,"_monsterinsights_sitenote_active":false,"_monsterinsights_sitenote_note":"","_monsterinsights_sitenote_category":0},"class_list":["post-345","page","type-page","status-publish","hentry"],"_links":{"self":[{"href":"https:\/\/cofresipalmresort.com\/es\/wp-json\/wp\/v2\/pages\/345\/"}],"collection":[{"href":"https:\/\/cofresipalmresort.com\/es\/wp-json\/wp\/v2\/pages\/"}],"about":[{"href":"https:\/\/cofresipalmresort.com\/es\/wp-json\/wp\/v2\/types\/page\/"}],"author":[{"embeddable":true,"href":"https:\/\/cofresipalmresort.com\/es\/wp-json\/wp\/v2\/users\/1\/"}],"replies":[{"embeddable":true,"href":"https:\/\/cofresipalmresort.com\/es\/wp-json\/wp\/v2\/comments\/?post=345"}],"version-history":[{"count":1,"href":"https:\/\/cofresipalmresort.com\/es\/wp-json\/wp\/v2\/pages\/345\/revisions\/"}],"predecessor-version":[{"id":559,"href":"https:\/\/cofresipalmresort.com\/es\/wp-json\/wp\/v2\/pages\/345\/revisions\/559\/"}],"up":[{"embeddable":true,"href":"https:\/\/cofresipalmresort.com\/es\/wp-json\/wp\/v2\/pages\/136\/"}],"wp:attachment":[{"href":"https:\/\/cofresipalmresort.com\/es\/wp-json\/wp\/v2\/media\/?parent=345"}],"curies":[{"name":"wp","href":"https:\/\/api.w.org\/{rel}","templated":true}]}}